{"id":189,"date":"2016-05-08T17:22:51","date_gmt":"2016-05-08T17:22:51","guid":{"rendered":"https:\/\/oceanwp.org\/gym\/?page_id=189"},"modified":"2024-03-01T19:33:26","modified_gmt":"2024-03-01T22:33:26","slug":"sobre-nos","status":"publish","type":"page","link":"https:\/\/sinosbyte.com.br\/en\/sobre-nos\/","title":{"rendered":"About Us"},"content":{"rendered":"<div data-elementor-type=\"wp-post\" data-elementor-id=\"189\" class=\"elementor elementor-189\">\n\t\t\t\t\t\t\t\t\t<section class=\"elementor-section elementor-top-section elementor-element elementor-element-d977375 elementor-section-boxed elementor-section-height-default elementor-section-height-default\" data-id=\"d977375\" data-element_type=\"section\">\n\t\t\t\t\t\t<div class=\"elementor-container elementor-column-gap-default\">\n\t\t\t\t\t<div class=\"elementor-column elementor-col-100 elementor-top-column elementor-element elementor-element-b6ae903\" data-id=\"b6ae903\" data-element_type=\"column\">\n\t\t\t<div class=\"elementor-widget-wrap elementor-element-populated\">\n\t\t\t\t\t\t\t\t<div class=\"elementor-element elementor-element-0909aec elementor-widget elementor-widget-image\" data-id=\"0909aec\" data-element_type=\"widget\" data-widget_type=\"image.default\">\n\t\t\t\t<div class=\"elementor-widget-container\">\n\t\t\t<style>\/*! elementor - v3.18.0 - 08-12-2023 *\/\n.elementor-widget-image{text-align:center}.elementor-widget-image a{display:inline-block}.elementor-widget-image a img[src$=\".svg\"]{width:48px}.elementor-widget-image img{vertical-align:middle;display:inline-block}<\/style>\t\t\t\t\t\t\t\t\t\t\t\t<img fetchpriority=\"high\" decoding=\"async\" width=\"2598\" height=\"628\" src=\"https:\/\/sinosbyte.com.br\/wp-content\/uploads\/2023\/12\/cropped-versao7-2.png\" class=\"attachment-full size-full wp-image-677\" alt=\"\" srcset=\"https:\/\/sinosbyte.com.br\/wp-content\/uploads\/2023\/12\/cropped-versao7-2.png 2598w, https:\/\/sinosbyte.com.br\/wp-content\/uploads\/2023\/12\/cropped-versao7-2-300x73.png 300w, https:\/\/sinosbyte.com.br\/wp-content\/uploads\/2023\/12\/cropped-versao7-2-1024x248.png 1024w, https:\/\/sinosbyte.com.br\/wp-content\/uploads\/2023\/12\/cropped-versao7-2-768x186.png 768w, https:\/\/sinosbyte.com.br\/wp-content\/uploads\/2023\/12\/cropped-versao7-2-1536x371.png 1536w, https:\/\/sinosbyte.com.br\/wp-content\/uploads\/2023\/12\/cropped-versao7-2-2048x495.png 2048w\" sizes=\"(max-width: 2598px) 100vw, 2598px\" \/>\t\t\t\t\t\t\t\t\t\t\t\t\t\t\t<\/div>\n\t\t\t\t<\/div>\n\t\t\t\t<div class=\"elementor-element elementor-element-430d8e1 elementor-widget elementor-widget-text-editor\" data-id=\"430d8e1\" data-element_type=\"widget\" data-widget_type=\"text-editor.default\">\n\t\t\t\t<div class=\"elementor-widget-container\">\n\t\t\t<style>\/*! elementor - v3.18.0 - 08-12-2023 *\/\n.elementor-widget-text-editor.elementor-drop-cap-view-stacked .elementor-drop-cap{background-color:#69727d;color:#fff}.elementor-widget-text-editor.elementor-drop-cap-view-framed .elementor-drop-cap{color:#69727d;border:3px solid;background-color:transparent}.elementor-widget-text-editor:not(.elementor-drop-cap-view-default) .elementor-drop-cap{margin-top:8px}.elementor-widget-text-editor:not(.elementor-drop-cap-view-default) .elementor-drop-cap-letter{width:1em;height:1em}.elementor-widget-text-editor .elementor-drop-cap{float:left;text-align:center;line-height:1;font-size:50px}.elementor-widget-text-editor .elementor-drop-cap-letter{display:inline-block}<\/style>\t\t\t\t<p><span style=\"font-weight: 400;\">With more than 25 years in the market, Sinosbyte operates as an integrator of solutions for SAP. As a solutions factory, Sinosbyte provides tailored technology services, according to the company's needs.\u00a0<\/span><\/p>\t\t\t\t\t\t<\/div>\n\t\t\t\t<\/div>\n\t\t\t\t\t<\/div>\n\t\t<\/div>\n\t\t\t\t\t\t\t<\/div>\n\t\t<\/section>\n\t\t\t\t<section class=\"elementor-section elementor-top-section elementor-element elementor-element-8786c18 elementor-section-boxed elementor-section-height-default elementor-section-height-default\" data-id=\"8786c18\" data-element_type=\"section\">\n\t\t\t\t\t\t<div class=\"elementor-container elementor-column-gap-default\">\n\t\t\t\t\t<div class=\"elementor-column elementor-col-33 elementor-top-column elementor-element elementor-element-0d7d591\" data-id=\"0d7d591\" data-element_type=\"column\">\n\t\t\t<div class=\"elementor-widget-wrap elementor-element-populated\">\n\t\t\t\t\t\t\t\t<div class=\"elementor-element elementor-element-13bf7b3 elementor-position-top elementor-invisible elementor-widget elementor-widget-image-box\" data-id=\"13bf7b3\" data-element_type=\"widget\" data-settings=\"{&quot;_animation&quot;:&quot;fadeIn&quot;}\" data-widget_type=\"image-box.default\">\n\t\t\t\t<div class=\"elementor-widget-container\">\n\t\t\t<style>\/*! elementor - v3.18.0 - 08-12-2023 *\/\n.elementor-widget-image-box .elementor-image-box-content{width:100%}@media (min-width:768px){.elementor-widget-image-box.elementor-position-left .elementor-image-box-wrapper,.elementor-widget-image-box.elementor-position-right .elementor-image-box-wrapper{display:flex}.elementor-widget-image-box.elementor-position-right .elementor-image-box-wrapper{text-align:right;flex-direction:row-reverse}.elementor-widget-image-box.elementor-position-left .elementor-image-box-wrapper{text-align:left;flex-direction:row}.elementor-widget-image-box.elementor-position-top .elementor-image-box-img{margin:auto}.elementor-widget-image-box.elementor-vertical-align-top .elementor-image-box-wrapper{align-items:flex-start}.elementor-widget-image-box.elementor-vertical-align-middle .elementor-image-box-wrapper{align-items:center}.elementor-widget-image-box.elementor-vertical-align-bottom .elementor-image-box-wrapper{align-items:flex-end}}@media (max-width:767px){.elementor-widget-image-box .elementor-image-box-img{margin-left:auto!important;margin-right:auto!important;margin-bottom:15px}}.elementor-widget-image-box .elementor-image-box-img{display:inline-block}.elementor-widget-image-box .elementor-image-box-title a{color:inherit}.elementor-widget-image-box .elementor-image-box-wrapper{text-align:center}.elementor-widget-image-box .elementor-image-box-description{margin:0}<\/style><div class=\"elementor-image-box-wrapper\"><figure class=\"elementor-image-box-img\"><img decoding=\"async\" width=\"377\" height=\"377\" src=\"https:\/\/sinosbyte.com.br\/wp-content\/uploads\/2023\/12\/Design-sem-nome-2-e1702663379282.png\" class=\"attachment-full size-full wp-image-630\" alt=\"\" srcset=\"https:\/\/sinosbyte.com.br\/wp-content\/uploads\/2023\/12\/Design-sem-nome-2-e1702663379282.png 377w, https:\/\/sinosbyte.com.br\/wp-content\/uploads\/2023\/12\/Design-sem-nome-2-e1702663379282-300x300.png 300w, https:\/\/sinosbyte.com.br\/wp-content\/uploads\/2023\/12\/Design-sem-nome-2-e1702663379282-150x150.png 150w\" sizes=\"(max-width: 377px) 100vw, 377px\" \/><\/figure><div class=\"elementor-image-box-content\"><h3 class=\"elementor-image-box-title\">MISSION<\/h3><p class=\"elementor-image-box-description\">Offer Information Technology services that generate results and contribute to the success of our clients' businesses.<\/p><\/div><\/div>\t\t<\/div>\n\t\t\t\t<\/div>\n\t\t\t\t\t<\/div>\n\t\t<\/div>\n\t\t\t\t<div class=\"elementor-column elementor-col-33 elementor-top-column elementor-element elementor-element-8fd4c92\" data-id=\"8fd4c92\" data-element_type=\"column\">\n\t\t\t<div class=\"elementor-widget-wrap elementor-element-populated\">\n\t\t\t\t\t\t\t\t<div class=\"elementor-element elementor-element-86f3a63 elementor-position-top elementor-invisible elementor-widget elementor-widget-image-box\" data-id=\"86f3a63\" data-element_type=\"widget\" data-settings=\"{&quot;_animation&quot;:&quot;fadeIn&quot;}\" data-widget_type=\"image-box.default\">\n\t\t\t\t<div class=\"elementor-widget-container\">\n\t\t\t<div class=\"elementor-image-box-wrapper\"><figure class=\"elementor-image-box-img\"><img decoding=\"async\" width=\"377\" height=\"377\" src=\"https:\/\/sinosbyte.com.br\/wp-content\/uploads\/2023\/12\/Design-sem-nome-2-1-e1702663419172.png\" class=\"attachment-full size-full wp-image-631\" alt=\"\" srcset=\"https:\/\/sinosbyte.com.br\/wp-content\/uploads\/2023\/12\/Design-sem-nome-2-1-e1702663419172.png 377w, https:\/\/sinosbyte.com.br\/wp-content\/uploads\/2023\/12\/Design-sem-nome-2-1-e1702663419172-300x300.png 300w, https:\/\/sinosbyte.com.br\/wp-content\/uploads\/2023\/12\/Design-sem-nome-2-1-e1702663419172-150x150.png 150w\" sizes=\"(max-width: 377px) 100vw, 377px\" \/><\/figure><div class=\"elementor-image-box-content\"><h1 class=\"elementor-image-box-title\">VISION<\/h1><p class=\"elementor-image-box-description\">Ser um excelente fornecedor de tecnologia para nossos clientes, agregando valor e gerando resultados, e ser refer\u00eancia de qualidade no Mercado.\n<br>\n<\/p><\/div><\/div>\t\t<\/div>\n\t\t\t\t<\/div>\n\t\t\t\t\t<\/div>\n\t\t<\/div>\n\t\t\t\t<div class=\"elementor-column elementor-col-33 elementor-top-column elementor-element elementor-element-35ce087\" data-id=\"35ce087\" data-element_type=\"column\">\n\t\t\t<div class=\"elementor-widget-wrap elementor-element-populated\">\n\t\t\t\t\t\t\t\t<div class=\"elementor-element elementor-element-c1faf8e elementor-position-top elementor-invisible elementor-widget elementor-widget-image-box\" data-id=\"c1faf8e\" data-element_type=\"widget\" data-settings=\"{&quot;_animation&quot;:&quot;fadeIn&quot;}\" data-widget_type=\"image-box.default\">\n\t\t\t\t<div class=\"elementor-widget-container\">\n\t\t\t<div class=\"elementor-image-box-wrapper\"><figure class=\"elementor-image-box-img\"><img loading=\"lazy\" decoding=\"async\" width=\"377\" height=\"377\" src=\"https:\/\/sinosbyte.com.br\/wp-content\/uploads\/2023\/12\/Design-sem-nome-2-2-e1702663461910.png\" class=\"attachment-full size-full wp-image-632\" alt=\"\" srcset=\"https:\/\/sinosbyte.com.br\/wp-content\/uploads\/2023\/12\/Design-sem-nome-2-2-e1702663461910.png 377w, https:\/\/sinosbyte.com.br\/wp-content\/uploads\/2023\/12\/Design-sem-nome-2-2-e1702663461910-300x300.png 300w, https:\/\/sinosbyte.com.br\/wp-content\/uploads\/2023\/12\/Design-sem-nome-2-2-e1702663461910-150x150.png 150w\" sizes=\"(max-width: 377px) 100vw, 377px\" \/><\/figure><div class=\"elementor-image-box-content\"><h3 class=\"elementor-image-box-title\">VALUES<\/h3><p class=\"elementor-image-box-description\">Credibility and integrity; intelligence and innovation; customer focus and excellence.\n<br>\n<br>\n<br><\/p><\/div><\/div>\t\t<\/div>\n\t\t\t\t<\/div>\n\t\t\t\t\t<\/div>\n\t\t<\/div>\n\t\t\t\t\t\t\t<\/div>\n\t\t<\/section>\n\t\t\t\t<section class=\"elementor-section elementor-top-section elementor-element elementor-element-be741fc elementor-section-content-middle elementor-section-boxed elementor-section-height-default elementor-section-height-default\" data-id=\"be741fc\" data-element_type=\"section\" data-settings=\"{&quot;background_background&quot;:&quot;classic&quot;}\">\n\t\t\t\t\t\t<div class=\"elementor-container elementor-column-gap-default\">\n\t\t\t\t\t<div class=\"elementor-column elementor-col-50 elementor-top-column elementor-element elementor-element-b4b84f2\" data-id=\"b4b84f2\" data-element_type=\"column\">\n\t\t\t<div class=\"elementor-widget-wrap elementor-element-populated\">\n\t\t\t\t\t\t\t\t<div class=\"elementor-element elementor-element-19b5bc2 elementor-hidden-phone elementor-widget__width-inherit elementor-widget elementor-widget-image\" data-id=\"19b5bc2\" data-element_type=\"widget\" data-widget_type=\"image.default\">\n\t\t\t\t<div class=\"elementor-widget-container\">\n\t\t\t\t\t\t\t\t\t\t\t\t\t\t\t<img loading=\"lazy\" decoding=\"async\" width=\"442\" height=\"528\" src=\"https:\/\/sinosbyte.com.br\/wp-content\/uploads\/2023\/12\/dd9e29_847d24f705724f77a3e7fa635e32c98fmv2-1-e1702667790194.webp\" class=\"attachment-full size-full wp-image-661\" alt=\"\" srcset=\"https:\/\/sinosbyte.com.br\/wp-content\/uploads\/2023\/12\/dd9e29_847d24f705724f77a3e7fa635e32c98fmv2-1-e1702667790194.webp 442w, https:\/\/sinosbyte.com.br\/wp-content\/uploads\/2023\/12\/dd9e29_847d24f705724f77a3e7fa635e32c98fmv2-1-e1702667790194-251x300.webp 251w\" sizes=\"(max-width: 442px) 100vw, 442px\" \/>\t\t\t\t\t\t\t\t\t\t\t\t\t\t\t<\/div>\n\t\t\t\t<\/div>\n\t\t\t\t\t<\/div>\n\t\t<\/div>\n\t\t\t\t<div class=\"elementor-column elementor-col-50 elementor-top-column elementor-element elementor-element-8415cc5\" data-id=\"8415cc5\" data-element_type=\"column\">\n\t\t\t<div class=\"elementor-widget-wrap elementor-element-populated\">\n\t\t\t\t\t\t\t\t<div class=\"elementor-element elementor-element-8caba62 elementor-widget elementor-widget-image\" data-id=\"8caba62\" data-element_type=\"widget\" data-widget_type=\"image.default\">\n\t\t\t\t<div class=\"elementor-widget-container\">\n\t\t\t\t\t\t\t\t\t\t\t\t\t\t\t<img loading=\"lazy\" decoding=\"async\" width=\"396\" height=\"345\" src=\"https:\/\/sinosbyte.com.br\/wp-content\/uploads\/2023\/12\/Design-sem-nome-1-e1702657731633.png\" class=\"attachment-full size-full wp-image-615\" alt=\"\" srcset=\"https:\/\/sinosbyte.com.br\/wp-content\/uploads\/2023\/12\/Design-sem-nome-1-e1702657731633.png 396w, https:\/\/sinosbyte.com.br\/wp-content\/uploads\/2023\/12\/Design-sem-nome-1-e1702657731633-300x261.png 300w\" sizes=\"(max-width: 396px) 100vw, 396px\" \/>\t\t\t\t\t\t\t\t\t\t\t\t\t\t\t<\/div>\n\t\t\t\t<\/div>\n\t\t\t\t<div class=\"elementor-element elementor-element-ad7e30e center-mobile elementor-widget elementor-widget-text-editor\" data-id=\"ad7e30e\" data-element_type=\"widget\" data-widget_type=\"text-editor.default\">\n\t\t\t\t<div class=\"elementor-widget-container\">\n\t\t\t\t\t\t\t<p>Located in the S\u00e3o Leopoldo Technological Park (Tecnosinos), on the campus of the University of Vale do Rio dos Sinos (Unisinos), in S\u00e3o Leopoldo, Metropolitan Region of Porto Alegre - RS (BR), Sinosbyte has been developing and implementing intelligent and reliable management software to support and generate profitability.\u00a0<\/p><p>Com uma equipe focada em pesquisa e desenvolvimento mobile e web, a equipe da Sinosbyte dedica-se continuamente \u00e0 inova\u00e7\u00e3o e \u00e0s novas tecnologias para oferecer vantagem estrat\u00e9gica ao cliente.<\/p><p>Desenvolve solu\u00e7\u00f5es aderentes ao neg\u00f3cio, prestando consultoria com flexibilidade e proximidade que os clientes precisam, sempre com o objetivo\u00a0 de, atrav\u00e9s da tecnologia, promover inova\u00e7\u00e3o\u00a0 e solu\u00e7\u00f5es para o neg\u00f3cio que contribuam para o aumento da produtividade, otimiza\u00e7\u00e3o de\u00a0 custos e agrega\u00e7\u00e3o de valor ao neg\u00f3cio.<\/p>\t\t\t\t\t\t<\/div>\n\t\t\t\t<\/div>\n\t\t\t\t\t<\/div>\n\t\t<\/div>\n\t\t\t\t\t\t\t<\/div>\n\t\t<\/section>\n\t\t\t\t\t\t\t<\/div>","protected":false},"excerpt":{"rendered":"<p>Com mais de 25 anos do mercado, a Sinosbyte, atua como integradora de solu\u00e7\u00f5es para SAP. Como uma f\u00e1brica de solu\u00e7\u00f5es, a Sinosbyte presta servi\u00e7os de tecnologia sob medida, conforme a necessidade da empresa.\u00a0 MISS\u00c3O Oferecer servi\u00e7os de Tecnologia da Informa\u00e7\u00e3o que gerem resultados e contribuam para o sucesso dos neg\u00f3cios de nossos clientes. VIS\u00c3O [&hellip;]<\/p>","protected":false},"author":1,"featured_media":0,"parent":0,"menu_order":0,"comment_status":"closed","ping_status":"closed","template":"","meta":{"om_disable_all_campaigns":false,"_monsterinsights_skip_tracking":false,"_monsterinsights_sitenote_active":false,"_monsterinsights_sitenote_note":"","_monsterinsights_sitenote_category":0,"ocean_post_layout":"full-screen","ocean_both_sidebars_style":"","ocean_both_sidebars_content_width":0,"ocean_both_sidebars_sidebars_width":0,"ocean_sidebar":"0","ocean_second_sidebar":"0","ocean_disable_margins":"on","ocean_add_body_class":"","ocean_shortcode_before_top_bar":"","ocean_shortcode_after_top_bar":"","ocean_shortcode_before_header":"","ocean_shortcode_after_header":"","ocean_has_shortcode":"","ocean_shortcode_after_title":"","ocean_shortcode_before_footer_widgets":"","ocean_shortcode_after_footer_widgets":"","ocean_shortcode_before_footer_bottom":"","ocean_shortcode_after_footer_bottom":"","ocean_display_top_bar":"default","ocean_display_header":"default","ocean_header_style":"","ocean_center_header_left_menu":"0","ocean_custom_header_template":"0","ocean_custom_logo":0,"ocean_custom_retina_logo":0,"ocean_custom_logo_max_width":0,"ocean_custom_logo_tablet_max_width":0,"ocean_custom_logo_mobile_max_width":0,"ocean_custom_logo_max_height":0,"ocean_custom_logo_tablet_max_height":0,"ocean_custom_logo_mobile_max_height":0,"ocean_header_custom_menu":"0","ocean_menu_typo_font_family":"0","ocean_menu_typo_font_subset":"","ocean_menu_typo_font_size":0,"ocean_menu_typo_font_size_tablet":0,"ocean_menu_typo_font_size_mobile":0,"ocean_menu_typo_font_size_unit":"px","ocean_menu_typo_font_weight":"","ocean_menu_typo_font_weight_tablet":"","ocean_menu_typo_font_weight_mobile":"","ocean_menu_typo_transform":"","ocean_menu_typo_transform_tablet":"","ocean_menu_typo_transform_mobile":"","ocean_menu_typo_line_height":0,"ocean_menu_typo_line_height_tablet":0,"ocean_menu_typo_line_height_mobile":0,"ocean_menu_typo_line_height_unit":"","ocean_menu_typo_spacing":0,"ocean_menu_typo_spacing_tablet":0,"ocean_menu_typo_spacing_mobile":0,"ocean_menu_typo_spacing_unit":"","ocean_menu_link_color":"","ocean_menu_link_color_hover":"","ocean_menu_link_color_active":"","ocean_menu_link_background":"","ocean_menu_link_hover_background":"","ocean_menu_link_active_background":"","ocean_menu_social_links_bg":"","ocean_menu_social_hover_links_bg":"","ocean_menu_social_links_color":"","ocean_menu_social_hover_links_color":"","ocean_disable_title":"default","ocean_disable_heading":"default","ocean_post_title":"","ocean_post_subheading":"","ocean_post_title_style":"background-image","ocean_post_title_background_color":"","ocean_post_title_background":25,"ocean_post_title_bg_image_position":"center center","ocean_post_title_bg_image_attachment":"","ocean_post_title_bg_image_repeat":"","ocean_post_title_bg_image_size":"","ocean_post_title_height":0,"ocean_post_title_bg_overlay":0.5,"ocean_post_title_bg_overlay_color":"","ocean_disable_breadcrumbs":"default","ocean_breadcrumbs_color":"","ocean_breadcrumbs_separator_color":"","ocean_breadcrumbs_links_color":"","ocean_breadcrumbs_links_hover_color":"","ocean_display_footer_widgets":"default","ocean_display_footer_bottom":"default","ocean_custom_footer_template":"0","footnotes":""},"aioseo_notices":[],"_links":{"self":[{"href":"https:\/\/sinosbyte.com.br\/en\/wp-json\/wp\/v2\/pages\/189"}],"collection":[{"href":"https:\/\/sinosbyte.com.br\/en\/wp-json\/wp\/v2\/pages"}],"about":[{"href":"https:\/\/sinosbyte.com.br\/en\/wp-json\/wp\/v2\/types\/page"}],"author":[{"embeddable":true,"href":"https:\/\/sinosbyte.com.br\/en\/wp-json\/wp\/v2\/users\/1"}],"replies":[{"embeddable":true,"href":"https:\/\/sinosbyte.com.br\/en\/wp-json\/wp\/v2\/comments?post=189"}],"version-history":[{"count":0,"href":"https:\/\/sinosbyte.com.br\/en\/wp-json\/wp\/v2\/pages\/189\/revisions"}],"wp:attachment":[{"href":"https:\/\/sinosbyte.com.br\/en\/wp-json\/wp\/v2\/media?parent=189"}],"curies":[{"name":"wp","href":"https:\/\/api.w.org\/{rel}","templated":true}]}}